{"id":45,"date":"2022-12-04T19:48:01","date_gmt":"2022-12-04T18:48:01","guid":{"rendered":"http:\/\/fajili.aristeecampus.org\/?page_id=45"},"modified":"2023-09-12T09:12:55","modified_gmt":"2023-09-12T07:12:55","slug":"charte","status":"publish","type":"page","link":"https:\/\/fajili.aristeecampus.org\/index.php\/charte\/","title":{"rendered":"Politique de confidentialit\u00e9"},"content":{"rendered":"\n<p><\/p>\n\n\n\n<p>Derni\u00e8re mise \u00e0 jour le 23 mai 2023<\/p>\n\n\n\n<p>Date d&rsquo;entr\u00e9e en vigueur 23 mai 2023<\/p>\n\n\n\n<p>Cette politique de confidentialit\u00e9 d\u00e9crit les politiques de WordPress de ajili faress, 273 avenue gaspard monge, Var 83210, France, email : faressajili1@gmail.com, t\u00e9l\u00e9phone : 0767960456 sur la collecte, l&rsquo;utilisation et la divulgation de vos informations que nous collectons lorsque vous utilisez notre site internet ( https:\/\/fajili.aristeecampus.org\/ ). (le service\u00a0\u00bb). En acc\u00e9dant ou en utilisant le Service, vous consentez \u00e0 la collecte, \u00e0 l&rsquo;utilisation et \u00e0 la divulgation de vos informations conform\u00e9ment \u00e0 la pr\u00e9sente Politique de confidentialit\u00e9. Si vous ne consentez pas \u00e0 la m\u00eame chose, veuillez ne pas acc\u00e9der ou utiliser le Service.<\/p>\n\n\n\n<p>Nous pouvons modifier cette politique de confidentialit\u00e9 \u00e0 tout moment sans pr\u00e9avis et publierons la politique de confidentialit\u00e9 r\u00e9vis\u00e9e sur le service. La politique r\u00e9vis\u00e9e entrera en vigueur 180 jours \u00e0 compter de la publication de la politique r\u00e9vis\u00e9e dans le service et votre acc\u00e8s ou utilisation continus du service apr\u00e8s cette p\u00e9riode constituera votre acceptation de la politique de confidentialit\u00e9 r\u00e9vis\u00e9e. Nous vous recommandons donc de consulter p\u00e9riodiquement cette page.<\/p>\n\n\n\n<p>INFORMATIONS QUE NOUS COLLECTONS&nbsp;:<\/p>\n\n\n\n<p>Nous collecterons et traiterons les informations personnelles suivantes vous concernant :<\/p>\n\n\n\n<p>Nom<\/p>\n\n\n\n<p>E-mail<\/p>\n\n\n\n<p>COMMENT NOUS UTILISONS VOS INFORMATIONS&nbsp;:<\/p>\n\n\n\n<p>Nous utiliserons les informations que nous recueillons \u00e0 votre sujet aux fins suivantes :<\/p>\n\n\n\n<p>Protection des sites<\/p>\n\n\n\n<p>Si nous souhaitons utiliser vos informations \u00e0 d&rsquo;autres fins, nous vous demanderons votre consentement et n&rsquo;utiliserons vos informations qu&rsquo;apr\u00e8s avoir re\u00e7u votre consentement, puis uniquement aux fins pour lesquelles nous accordons votre consentement, sauf si nous sommes tenus de faire autrement par loi.<\/p>\n\n\n\n<p>CONSERVATION DE VOS INFORMATIONS&nbsp;:<\/p>\n\n\n\n<p>Nous conserverons vos informations personnelles avec nous pendant 90 jours \u00e0 2 ans apr\u00e8s que les utilisateurs ont r\u00e9sili\u00e9 leurs comptes ou aussi longtemps que nous en aurons besoin pour remplir les objectifs pour lesquels elles ont \u00e9t\u00e9 collect\u00e9es, comme indiqu\u00e9 dans la pr\u00e9sente politique de confidentialit\u00e9. Nous pouvons \u00eatre amen\u00e9s \u00e0 conserver certaines informations pendant des p\u00e9riodes plus longues telles que la tenue de registres\/rapports conform\u00e9ment \u00e0 la loi applicable ou pour d&rsquo;autres raisons l\u00e9gitimes telles que l&rsquo;application des droits l\u00e9gaux, la pr\u00e9vention de la fraude, etc. Les informations anonymes r\u00e9siduelles et les informations agr\u00e9g\u00e9es, qui ne vous identifient pas (directement ou indirectement), peuvent \u00eatre stock\u00e9es ind\u00e9finiment.<\/p>\n\n\n\n<p>TES DROITS:<\/p>\n\n\n\n<p>Selon la loi applicable, vous pouvez avoir un droit d&rsquo;acc\u00e8s et de rectification ou d&rsquo;effacement de vos donn\u00e9es personnelles ou recevoir une copie de vos donn\u00e9es personnelles, restreindre ou vous opposer au traitement actif de vos donn\u00e9es, nous demander de partager (porter) vos donn\u00e9es personnelles informations \u00e0 une autre entit\u00e9, retirer tout consentement que vous nous avez fourni pour traiter vos donn\u00e9es, un droit de d\u00e9poser une plainte aupr\u00e8s d&rsquo;une autorit\u00e9 statutaire et tout autre droit qui peut \u00eatre pertinent en vertu des lois applicables. Pour exercer ces droits, vous pouvez nous \u00e9crire \u00e0 faressajili1@gmail.com. Nous r\u00e9pondrons \u00e0 votre demande conform\u00e9ment \u00e0 la loi applicable.<\/p>\n\n\n\n<p>Notez que si vous ne nous autorisez pas \u00e0 collecter ou \u00e0 traiter les informations personnelles requises ou si vous retirez le consentement \u00e0 les traiter aux fins requises, vous ne pourrez peut-\u00eatre pas acc\u00e9der ou utiliser les services pour lesquels vos informations ont \u00e9t\u00e9 recherch\u00e9es.<\/p>\n\n\n\n<p>COOKIES ETC.<\/p>\n\n\n\n<p>Pour en savoir plus sur la fa\u00e7on dont nous les utilisons et sur vos choix par rapport \u00e0 ces technologies de suivi, veuillez vous r\u00e9f\u00e9rer \u00e0 notre politique en mati\u00e8re de cookies.<\/p>\n\n\n\n<p>S\u00c9CURIT\u00c9:<\/p>\n\n\n\n<p>La s\u00e9curit\u00e9 de vos informations est importante pour nous et nous utiliserons des mesures de s\u00e9curit\u00e9 raisonnables pour emp\u00eacher la perte, l&rsquo;utilisation abusive ou la modification non autoris\u00e9e de vos informations sous notre contr\u00f4le. Cependant, compte tenu des risques inh\u00e9rents, nous ne pouvons garantir une s\u00e9curit\u00e9 absolue et par cons\u00e9quent, nous ne pouvons assurer ou garantir la s\u00e9curit\u00e9 des informations que vous nous transmettez et vous le faites \u00e0 vos risques et p\u00e9rils.<\/p>\n\n\n\n<p>GRIEF \/ RESPONSABLE DE LA PROTECTION DES DONN\u00c9ES&nbsp;:<\/p>\n\n\n\n<p>Si vous avez des questions ou des pr\u00e9occupations concernant le traitement de vos informations disponibles aupr\u00e8s de nous, vous pouvez envoyer un e-mail \u00e0 notre responsable des plaintes \u00e0 wordpress de ajili faress, 273 avenue gaspard monge, email : faressajili1@gmail.com. Nous r\u00e9pondrons \u00e0 vos pr\u00e9occupations conform\u00e9ment \u00e0 la loi applicable.<\/p>\n\n\n\n<p>Politique de confidentialit\u00e9 g\u00e9n\u00e9r\u00e9e avec CookieYes.<\/p>\n","protected":false},"excerpt":{"rendered":"<p>Derni\u00e8re mise \u00e0 jour le 23 mai 2023 Date d&rsquo;entr\u00e9e en vigueur 23 mai 2023 Cette politique de confidentialit\u00e9 d\u00e9crit les politiques de WordPress de ajili faress, 273 avenue gaspard monge, Var 83210, France, email : faressajili1@gmail.com, t\u00e9l\u00e9phone : 0767960456 sur la collecte, l&rsquo;utilisation et la divulgation de vos informations que nous collectons lorsque vous&hellip; <br \/> <a class=\"read-more\" href=\"https:\/\/fajili.aristeecampus.org\/index.php\/charte\/\">Lire la suite<\/a><\/p>\n","protected":false},"author":1,"featured_media":0,"parent":0,"menu_order":0,"comment_status":"closed","ping_status":"closed","template":"","meta":{"saved_in_kubio":false,"footnotes":""},"kubio_ai_page_context":{"short_desc":"","purpose":"general"},"_links":{"self":[{"href":"https:\/\/fajili.aristeecampus.org\/index.php\/wp-json\/wp\/v2\/pages\/45"}],"collection":[{"href":"https:\/\/fajili.aristeecampus.org\/index.php\/wp-json\/wp\/v2\/pages"}],"about":[{"href":"https:\/\/fajili.aristeecampus.org\/index.php\/wp-json\/wp\/v2\/types\/page"}],"author":[{"embeddable":true,"href":"https:\/\/fajili.aristeecampus.org\/index.php\/wp-json\/wp\/v2\/users\/1"}],"replies":[{"embeddable":true,"href":"https:\/\/fajili.aristeecampus.org\/index.php\/wp-json\/wp\/v2\/comments?post=45"}],"version-history":[{"count":4,"href":"https:\/\/fajili.aristeecampus.org\/index.php\/wp-json\/wp\/v2\/pages\/45\/revisions"}],"predecessor-version":[{"id":414,"href":"https:\/\/fajili.aristeecampus.org\/index.php\/wp-json\/wp\/v2\/pages\/45\/revisions\/414"}],"wp:attachment":[{"href":"https:\/\/fajili.aristeecampus.org\/index.php\/wp-json\/wp\/v2\/media?parent=45"}],"curies":[{"name":"wp","href":"https:\/\/api.w.org\/{rel}","templated":true}]}}