{"id":35,"date":"2022-12-04T19:45:11","date_gmt":"2022-12-04T18:45:11","guid":{"rendered":"http:\/\/fajili.aristeecampus.org\/?page_id=35"},"modified":"2024-05-28T11:56:42","modified_gmt":"2024-05-28T09:56:42","slug":"mise-en-place-de-la-veille-technologique","status":"publish","type":"page","link":"https:\/\/fajili.aristeecampus.org\/index.php\/mise-en-place-de-la-veille-technologique\/","title":{"rendered":"Mise en place de la veille technologique"},"content":{"rendered":"\n<div class=\"wp-block-media-text alignwide is-stacked-on-mobile\"><figure class=\"wp-block-media-text__media\"><img decoding=\"async\" loading=\"lazy\" width=\"318\" height=\"159\" src=\"https:\/\/fajili.aristeecampus.org\/wp-content\/uploads\/2023\/06\/image-2.png\" alt=\"\" class=\"wp-image-273 size-full\" srcset=\"https:\/\/fajili.aristeecampus.org\/wp-content\/uploads\/2023\/06\/image-2.png 318w, https:\/\/fajili.aristeecampus.org\/wp-content\/uploads\/2023\/06\/image-2-300x150.png 300w\" sizes=\"(max-width: 318px) 100vw, 318px\" \/><\/figure><div class=\"wp-block-media-text__content\">\n<h1 class=\"wp-block-heading\"><mark style=\"background-color:rgba(0, 0, 0, 0)\" class=\"has-inline-color has-kubio-color-5-color\"><strong>Qu&rsquo;est ce qu&rsquo;une Veille Technologique<\/strong>?<\/mark><\/h1>\n\n\n\n<p>La veille technologique ou veille scientifique et technique consiste \u00e0 s&rsquo;informer de fa\u00e7on syst\u00e9matique sur les techniques les plus r\u00e9centes. Ces informations peuvent concerner une mati\u00e8re premi\u00e8re, un produit, un composant, un proc\u00e9d\u00e9, l&rsquo;\u00e9tat de l&rsquo;art et l&rsquo;\u00e9volution de l&rsquo;environnement scientifique, technique, industriel ou commercial de l&rsquo;entreprise. Elle permet aux bureaux d&rsquo;\u00e9tudes d&rsquo;\u00eatre inform\u00e9s des baisses possibles de co\u00fbt ou d&rsquo;augmentation de qualit\u00e9 dans le cadre de l&rsquo;analyse de la valeur.<\/p>\n<\/div><\/div>\n\n\n\n<p><\/p>\n\n\n\n<hr class=\"wp-block-separator aligncenter has-alpha-channel-opacity is-style-wide\"\/>\n\n\n\n<p><\/p>\n\n\n\n<p><\/p>\n\n\n\n<p>Pour mettre en place ma veille technologique j&rsquo;ai utilis\u00e9 plusieurs outils :<\/p>\n\n\n\n<p><\/p>\n\n\n\n<p>     le moteur de recherche : Google<\/p>\n\n\n\n<ul>\n<li>Un outil de microblogging qui est X anciennement twitter<\/li>\n\n\n\n<li>Un outil d&rsquo;organisation de contenu et de partage de collecte d&rsquo;informations de veille comme PearlTrees<\/li>\n<\/ul>\n\n\n\n\n\n<figure class=\"wp-block-image size-full\"><img decoding=\"async\" loading=\"lazy\" width=\"1018\" height=\"552\" src=\"https:\/\/fajili.aristeecampus.org\/wp-content\/uploads\/2024\/05\/Image1.png\" alt=\"\" class=\"wp-image-577\" srcset=\"https:\/\/fajili.aristeecampus.org\/wp-content\/uploads\/2024\/05\/Image1.png 1018w, https:\/\/fajili.aristeecampus.org\/wp-content\/uploads\/2024\/05\/Image1-300x163.png 300w, https:\/\/fajili.aristeecampus.org\/wp-content\/uploads\/2024\/05\/Image1-768x416.png 768w\" sizes=\"(max-width: 1018px) 100vw, 1018px\" \/><\/figure>\n\n\n\n\n\n<p> 2 m\u00e9thodes \u00ab\u00a0PULL AND PUSH\u00a0\u00bb<\/p>\n\n\n\n<p>La m\u00e9thode PUSH ou l\u2019information est \u00ab pouss\u00e9e \u00bb de mani\u00e8re directe et automatique vers l\u2019utilisateur, en fonction de pr\u00e9f\u00e9rences et de crit\u00e8res qu\u2019il a choisis. L\u2019usager n\u2019effectue plus de recherche et son r\u00f4le<br>consiste \u00e0 \u00e9valuer l\u2019information r\u00e9cup\u00e9r\u00e9e voici des exemples :<\/p>\n\n\n\n<p>\u2022S&rsquo;abonner \u00e0 des listes de diffusion, newsletters<\/p>\n\n\n\n<p>\u2022S\u2019inscrire \u00e0 des services d&rsquo;alertes : Google alertes*<\/p>\n\n\n\n<p>La m\u00e9thode PULL ou l\u2019utilisateur se rend directement et r\u00e9guli\u00e8rement sur Internet, il refait p\u00e9riodiquement les m\u00eames recherches, dans les m\u00eames sources pour en \u00ab tirer \u00bb les informations les plus r\u00e9centes dans le domaine de son choix. <\/p>\n\n\n\n<div class=\"wp-block-media-text is-stacked-on-mobile\" style=\"grid-template-columns:44% auto\"><figure class=\"wp-block-media-text__media\"><img decoding=\"async\" loading=\"lazy\" width=\"403\" height=\"488\" src=\"https:\/\/fajili.aristeecampus.org\/wp-content\/uploads\/2023\/09\/Capture-decran-2023-09-11-141326-1.png\" alt=\"\" class=\"wp-image-399 size-full\" srcset=\"https:\/\/fajili.aristeecampus.org\/wp-content\/uploads\/2023\/09\/Capture-decran-2023-09-11-141326-1.png 403w, https:\/\/fajili.aristeecampus.org\/wp-content\/uploads\/2023\/09\/Capture-decran-2023-09-11-141326-1-248x300.png 248w\" sizes=\"(max-width: 403px) 100vw, 403px\" \/><\/figure><div class=\"wp-block-media-text__content\">\n<figure class=\"wp-block-image size-full is-resized\"><img decoding=\"async\" loading=\"lazy\" src=\"https:\/\/fajili.aristeecampus.org\/wp-content\/uploads\/2023\/09\/image-2.png\" alt=\"\" class=\"wp-image-397\" style=\"width:641px;height:628px\" width=\"641\" height=\"628\" srcset=\"https:\/\/fajili.aristeecampus.org\/wp-content\/uploads\/2023\/09\/image-2.png 418w, https:\/\/fajili.aristeecampus.org\/wp-content\/uploads\/2023\/09\/image-2-300x294.png 300w\" sizes=\"(max-width: 641px) 100vw, 641px\" \/><\/figure>\n<\/div><\/div>\n\n\n\n<div class=\"wp-block-columns is-layout-flex wp-container-2 wp-block-columns-is-layout-flex\">\n<div class=\"wp-block-column is-layout-flow wp-block-column-is-layout-flow\" style=\"flex-basis:100%\"><\/div>\n<\/div>\n","protected":false},"excerpt":{"rendered":"<p>Qu&rsquo;est ce qu&rsquo;une Veille Technologique? La veille technologique ou veille scientifique et technique consiste \u00e0 s&rsquo;informer de fa\u00e7on syst\u00e9matique sur les techniques les plus r\u00e9centes. Ces informations peuvent concerner une mati\u00e8re premi\u00e8re, un produit, un composant, un proc\u00e9d\u00e9, l&rsquo;\u00e9tat de l&rsquo;art et l&rsquo;\u00e9volution de l&rsquo;environnement scientifique, technique, industriel ou commercial de l&rsquo;entreprise. Elle permet aux&hellip; <br \/> <a class=\"read-more\" href=\"https:\/\/fajili.aristeecampus.org\/index.php\/mise-en-place-de-la-veille-technologique\/\">Lire la suite<\/a><\/p>\n","protected":false},"author":1,"featured_media":0,"parent":0,"menu_order":0,"comment_status":"closed","ping_status":"closed","template":"","meta":{"saved_in_kubio":false,"footnotes":""},"kubio_ai_page_context":{"short_desc":"","purpose":"general"},"_links":{"self":[{"href":"https:\/\/fajili.aristeecampus.org\/index.php\/wp-json\/wp\/v2\/pages\/35"}],"collection":[{"href":"https:\/\/fajili.aristeecampus.org\/index.php\/wp-json\/wp\/v2\/pages"}],"about":[{"href":"https:\/\/fajili.aristeecampus.org\/index.php\/wp-json\/wp\/v2\/types\/page"}],"author":[{"embeddable":true,"href":"https:\/\/fajili.aristeecampus.org\/index.php\/wp-json\/wp\/v2\/users\/1"}],"replies":[{"embeddable":true,"href":"https:\/\/fajili.aristeecampus.org\/index.php\/wp-json\/wp\/v2\/comments?post=35"}],"version-history":[{"count":20,"href":"https:\/\/fajili.aristeecampus.org\/index.php\/wp-json\/wp\/v2\/pages\/35\/revisions"}],"predecessor-version":[{"id":578,"href":"https:\/\/fajili.aristeecampus.org\/index.php\/wp-json\/wp\/v2\/pages\/35\/revisions\/578"}],"wp:attachment":[{"href":"https:\/\/fajili.aristeecampus.org\/index.php\/wp-json\/wp\/v2\/media?parent=35"}],"curies":[{"name":"wp","href":"https:\/\/api.w.org\/{rel}","templated":true}]}}