{"id":33,"date":"2022-12-04T19:44:31","date_gmt":"2022-12-04T18:44:31","guid":{"rendered":"http:\/\/fajili.aristeecampus.org\/?page_id=33"},"modified":"2024-05-27T11:49:13","modified_gmt":"2024-05-27T09:49:13","slug":"2eme-annee","status":"publish","type":"page","link":"https:\/\/fajili.aristeecampus.org\/index.php\/2eme-annee\/","title":{"rendered":"2\u00e8me ann\u00e9e"},"content":{"rendered":"\n<div class=\"wp-block-media-text is-stacked-on-mobile\"><figure class=\"wp-block-media-text__media\"><img decoding=\"async\" loading=\"lazy\" width=\"318\" height=\"159\" src=\"https:\/\/fajili.aristeecampus.org\/wp-content\/uploads\/2024\/04\/bornes_wifi.jpg\" alt=\"\" class=\"wp-image-549 size-full\" srcset=\"https:\/\/fajili.aristeecampus.org\/wp-content\/uploads\/2024\/04\/bornes_wifi.jpg 318w, https:\/\/fajili.aristeecampus.org\/wp-content\/uploads\/2024\/04\/bornes_wifi-300x150.jpg 300w\" sizes=\"(max-width: 318px) 100vw, 318px\" \/><\/figure><div class=\"wp-block-media-text__content\">\n<p class=\"has-text-align-center\">Installation de bornes Wifi<\/p>\n\n\n\n<div class=\"wp-block-buttons is-content-justification-center is-layout-flex wp-container-1 wp-block-buttons-is-layout-flex\">\n<div class=\"wp-block-button\"><a class=\"wp-block-button__link wp-element-button\" href=\"https:\/\/fajili.aristeecampus.org\/wp-content\/uploads\/2024\/04\/Installation-de-borne-wifi.pdf\" target=\"_blank\" rel=\"noreferrer noopener\">Bornes wifi<\/a><\/div>\n<\/div>\n<\/div><\/div>\n\n\n\n\n\n<hr class=\"wp-block-separator has-alpha-channel-opacity\"\/>\n\n\n\n\n\n<div class=\"wp-block-media-text is-stacked-on-mobile\"><figure class=\"wp-block-media-text__media\"><img decoding=\"async\" loading=\"lazy\" width=\"300\" height=\"168\" src=\"https:\/\/fajili.aristeecampus.org\/wp-content\/uploads\/2024\/05\/telephones.jpg\" alt=\"\" class=\"wp-image-553 size-full\"\/><\/figure><div class=\"wp-block-media-text__content\">\n<p>Configuration des \u00e9quipements technicien (t\u00e9l\u00e9phones, tablettes)<\/p>\n\n\n\n<div class=\"wp-block-buttons is-content-justification-center is-layout-flex wp-container-2 wp-block-buttons-is-layout-flex\">\n<div class=\"wp-block-button\"><a class=\"wp-block-button__link wp-element-button\" href=\"https:\/\/fajili.aristeecampus.org\/wp-content\/uploads\/2024\/05\/Configuration-des-equipements-technicien.pdf\" target=\"_blank\" rel=\"noreferrer noopener\">Equipements techniciens<\/a><\/div>\n<\/div>\n<\/div><\/div>\n\n\n\n\n\n<hr class=\"wp-block-separator has-alpha-channel-opacity\"\/>\n\n\n\n\n\n<div class=\"wp-block-media-text is-stacked-on-mobile\" style=\"grid-template-columns:55% auto\"><figure class=\"wp-block-media-text__media\"><img decoding=\"async\" loading=\"lazy\" width=\"343\" height=\"147\" src=\"https:\/\/fajili.aristeecampus.org\/wp-content\/uploads\/2024\/04\/switchalcatel-1.jpg\" alt=\"\" class=\"wp-image-509 size-full\" srcset=\"https:\/\/fajili.aristeecampus.org\/wp-content\/uploads\/2024\/04\/switchalcatel-1.jpg 343w, https:\/\/fajili.aristeecampus.org\/wp-content\/uploads\/2024\/04\/switchalcatel-1-300x129.jpg 300w\" sizes=\"(max-width: 343px) 100vw, 343px\" \/><\/figure><div class=\"wp-block-media-text__content\">\n<p class=\"has-text-align-center\"><strong>Configuration switch Alcatel <\/strong><\/p>\n\n\n\n<div class=\"wp-block-buttons alignfull is-content-justification-center is-layout-flex wp-container-3 wp-block-buttons-is-layout-flex\">\n<div class=\"wp-block-button\"><a class=\"wp-block-button__link wp-element-button\" href=\"https:\/\/fajili.aristeecampus.org\/wp-content\/uploads\/2024\/04\/Switch-Alcatel.pdf\" target=\"_blank\" rel=\"noreferrer noopener\"><strong><mark style=\"background-color:rgba(0, 0, 0, 0)\" class=\"has-inline-color has-kubio-color-5-color\">Switch Alcatel<\/mark><\/strong><\/a><\/div>\n<\/div>\n<\/div><\/div>\n","protected":false},"excerpt":{"rendered":"","protected":false},"author":1,"featured_media":0,"parent":0,"menu_order":0,"comment_status":"closed","ping_status":"closed","template":"","meta":{"saved_in_kubio":false,"footnotes":""},"kubio_ai_page_context":{"short_desc":"","purpose":"general"},"_links":{"self":[{"href":"https:\/\/fajili.aristeecampus.org\/index.php\/wp-json\/wp\/v2\/pages\/33"}],"collection":[{"href":"https:\/\/fajili.aristeecampus.org\/index.php\/wp-json\/wp\/v2\/pages"}],"about":[{"href":"https:\/\/fajili.aristeecampus.org\/index.php\/wp-json\/wp\/v2\/types\/page"}],"author":[{"embeddable":true,"href":"https:\/\/fajili.aristeecampus.org\/index.php\/wp-json\/wp\/v2\/users\/1"}],"replies":[{"embeddable":true,"href":"https:\/\/fajili.aristeecampus.org\/index.php\/wp-json\/wp\/v2\/comments?post=33"}],"version-history":[{"count":7,"href":"https:\/\/fajili.aristeecampus.org\/index.php\/wp-json\/wp\/v2\/pages\/33\/revisions"}],"predecessor-version":[{"id":571,"href":"https:\/\/fajili.aristeecampus.org\/index.php\/wp-json\/wp\/v2\/pages\/33\/revisions\/571"}],"wp:attachment":[{"href":"https:\/\/fajili.aristeecampus.org\/index.php\/wp-json\/wp\/v2\/media?parent=33"}],"curies":[{"name":"wp","href":"https:\/\/api.w.org\/{rel}","templated":true}]}}