{"id":31,"date":"2022-12-04T19:44:13","date_gmt":"2022-12-04T18:44:13","guid":{"rendered":"http:\/\/fajili.aristeecampus.org\/?page_id=31"},"modified":"2024-05-27T12:03:46","modified_gmt":"2024-05-27T10:03:46","slug":"1ere-annee","status":"publish","type":"page","link":"https:\/\/fajili.aristeecampus.org\/index.php\/1ere-annee\/","title":{"rendered":"1\u00e8re ann\u00e9e"},"content":{"rendered":"\n<p><\/p>\n\n\n\n<div class=\"wp-block-media-text is-stacked-on-mobile\" style=\"grid-template-columns:55% auto\"><figure class=\"wp-block-media-text__media\"><img decoding=\"async\" loading=\"lazy\" width=\"558\" height=\"404\" src=\"https:\/\/fajili.aristeecampus.org\/wp-content\/uploads\/2023\/09\/gamme-pabx-panasonic.png\" alt=\"\" class=\"wp-image-410 size-full\" srcset=\"https:\/\/fajili.aristeecampus.org\/wp-content\/uploads\/2023\/09\/gamme-pabx-panasonic.png 558w, https:\/\/fajili.aristeecampus.org\/wp-content\/uploads\/2023\/09\/gamme-pabx-panasonic-300x217.png 300w\" sizes=\"(max-width: 558px) 100vw, 558px\" \/><\/figure><div class=\"wp-block-media-text__content\">\n<p class=\"has-text-align-center\"><strong>Configuration et mise en place d&rsquo;une solution de t\u00e9l\u00e9phonie (PABX)<\/strong><\/p>\n\n\n\n<div class=\"wp-block-buttons alignfull is-content-justification-center is-layout-flex wp-container-1 wp-block-buttons-is-layout-flex\">\n<div class=\"wp-block-button\"><a class=\"wp-block-button__link wp-element-button\" href=\"https:\/\/fajili.aristeecampus.org\/wp-content\/uploads\/2024\/04\/SERVEUR-PABX.pdf\" target=\"_blank\" rel=\"noreferrer noopener\"><strong><mark style=\"background-color:rgba(0, 0, 0, 0)\" class=\"has-inline-color has-kubio-color-5-color\">Serveur PABX<\/mark><\/strong><\/a><\/div>\n<\/div>\n<\/div><\/div>\n\n\n\n<div style=\"height:39px\" aria-hidden=\"true\" class=\"wp-block-spacer\"><\/div>\n\n\n\n<hr class=\"wp-block-separator has-alpha-channel-opacity\"\/>\n\n\n\n<div style=\"height:40px\" aria-hidden=\"true\" class=\"wp-block-spacer\"><\/div>\n\n\n\n<div class=\"wp-block-media-text is-stacked-on-mobile\" style=\"grid-template-columns:55% auto\"><figure class=\"wp-block-media-text__media\"><img decoding=\"async\" loading=\"lazy\" width=\"360\" height=\"140\" src=\"https:\/\/fajili.aristeecampus.org\/wp-content\/uploads\/2024\/04\/rj45-1.jpg\" alt=\"\" class=\"wp-image-502 size-full\" srcset=\"https:\/\/fajili.aristeecampus.org\/wp-content\/uploads\/2024\/04\/rj45-1.jpg 360w, https:\/\/fajili.aristeecampus.org\/wp-content\/uploads\/2024\/04\/rj45-1-300x117.jpg 300w\" sizes=\"(max-width: 360px) 100vw, 360px\" \/><\/figure><div class=\"wp-block-media-text__content\">\n<p class=\"has-text-align-center\"><strong>Cr\u00e9ation et mise en place d&rsquo;un r\u00e9seau en c\u00e2blage RJ45<\/strong><\/p>\n\n\n\n<div class=\"wp-block-buttons alignfull is-content-justification-center is-layout-flex wp-container-2 wp-block-buttons-is-layout-flex\">\n<div class=\"wp-block-button\"><a class=\"wp-block-button__link wp-element-button\" href=\"https:\/\/fajili.aristeecampus.org\/wp-content\/uploads\/2024\/04\/Cablage-ETHERNET.pdf\" target=\"_blank\" rel=\"noreferrer noopener\"><strong><mark style=\"background-color:rgba(0, 0, 0, 0)\" class=\"has-inline-color has-kubio-color-5-color\">C\u00e2blage Ethernet<\/mark><\/strong><\/a><\/div>\n<\/div>\n<\/div><\/div>\n\n\n\n<div style=\"height:39px\" aria-hidden=\"true\" class=\"wp-block-spacer\"><\/div>\n\n\n\n<hr class=\"wp-block-separator has-alpha-channel-opacity\"\/>\n\n\n\n<div style=\"height:40px\" aria-hidden=\"true\" class=\"wp-block-spacer\"><\/div>\n\n\n\n<div class=\"wp-block-media-text is-stacked-on-mobile\"><figure class=\"wp-block-media-text__media\"><img decoding=\"async\" loading=\"lazy\" width=\"339\" height=\"220\" src=\"https:\/\/fajili.aristeecampus.org\/wp-content\/uploads\/2024\/05\/Routeur.png\" alt=\"\" class=\"wp-image-558 size-full\" srcset=\"https:\/\/fajili.aristeecampus.org\/wp-content\/uploads\/2024\/05\/Routeur.png 339w, https:\/\/fajili.aristeecampus.org\/wp-content\/uploads\/2024\/05\/Routeur-300x195.png 300w\" sizes=\"(max-width: 339px) 100vw, 339px\" \/><\/figure><div class=\"wp-block-media-text__content\">\n<p class=\"has-text-align-center\">Installation et configuration de routeur pour les entreprises<\/p>\n\n\n\n<div class=\"wp-block-buttons is-content-justification-center is-layout-flex wp-container-3 wp-block-buttons-is-layout-flex\">\n<div class=\"wp-block-button\"><a class=\"wp-block-button__link wp-element-button\" href=\"https:\/\/fajili.aristeecampus.org\/wp-content\/uploads\/2024\/05\/Installation-et-configuration-de-routeur-pour-les-entreprises.pdf\" target=\"_blank\" rel=\"noreferrer noopener\">Routeur entreprise<\/a><\/div>\n<\/div>\n<\/div><\/div>\n\n\n\n\n\n<hr class=\"wp-block-separator has-alpha-channel-opacity\"\/>\n\n\n\n\n\n<div class=\"wp-block-media-text is-stacked-on-mobile\"><figure class=\"wp-block-media-text__media\"><img decoding=\"async\" loading=\"lazy\" width=\"1024\" height=\"440\" src=\"https:\/\/fajili.aristeecampus.org\/wp-content\/uploads\/2024\/05\/Capture-1-1024x440.png\" alt=\"\" class=\"wp-image-573 size-full\" srcset=\"https:\/\/fajili.aristeecampus.org\/wp-content\/uploads\/2024\/05\/Capture-1-1024x440.png 1024w, https:\/\/fajili.aristeecampus.org\/wp-content\/uploads\/2024\/05\/Capture-1-300x129.png 300w, https:\/\/fajili.aristeecampus.org\/wp-content\/uploads\/2024\/05\/Capture-1-768x330.png 768w, https:\/\/fajili.aristeecampus.org\/wp-content\/uploads\/2024\/05\/Capture-1-1536x659.png 1536w, https:\/\/fajili.aristeecampus.org\/wp-content\/uploads\/2024\/05\/Capture-1.png 1894w\" sizes=\"(max-width: 1024px) 100vw, 1024px\" \/><\/figure><div class=\"wp-block-media-text__content\">\n<p class=\"has-text-align-center\">Installation et configuration de l&rsquo;offre Connect Pro pour les entreprises<\/p>\n\n\n\n<div class=\"wp-block-buttons is-content-justification-center is-layout-flex wp-container-4 wp-block-buttons-is-layout-flex\">\n<div class=\"wp-block-button\"><a class=\"wp-block-button__link wp-element-button\" href=\"https:\/\/fajili.aristeecampus.org\/wp-content\/uploads\/2024\/05\/ConnectPro.pdf\" target=\"_blank\" rel=\"noreferrer noopener\">Connect Pro<\/a><\/div>\n<\/div>\n<\/div><\/div>\n","protected":false},"excerpt":{"rendered":"","protected":false},"author":1,"featured_media":0,"parent":0,"menu_order":0,"comment_status":"closed","ping_status":"closed","template":"","meta":{"saved_in_kubio":false,"footnotes":""},"kubio_ai_page_context":{"short_desc":"","purpose":"general"},"_links":{"self":[{"href":"https:\/\/fajili.aristeecampus.org\/index.php\/wp-json\/wp\/v2\/pages\/31"}],"collection":[{"href":"https:\/\/fajili.aristeecampus.org\/index.php\/wp-json\/wp\/v2\/pages"}],"about":[{"href":"https:\/\/fajili.aristeecampus.org\/index.php\/wp-json\/wp\/v2\/types\/page"}],"author":[{"embeddable":true,"href":"https:\/\/fajili.aristeecampus.org\/index.php\/wp-json\/wp\/v2\/users\/1"}],"replies":[{"embeddable":true,"href":"https:\/\/fajili.aristeecampus.org\/index.php\/wp-json\/wp\/v2\/comments?post=31"}],"version-history":[{"count":13,"href":"https:\/\/fajili.aristeecampus.org\/index.php\/wp-json\/wp\/v2\/pages\/31\/revisions"}],"predecessor-version":[{"id":575,"href":"https:\/\/fajili.aristeecampus.org\/index.php\/wp-json\/wp\/v2\/pages\/31\/revisions\/575"}],"wp:attachment":[{"href":"https:\/\/fajili.aristeecampus.org\/index.php\/wp-json\/wp\/v2\/media?parent=31"}],"curies":[{"name":"wp","href":"https:\/\/api.w.org\/{rel}","templated":true}]}}