{"id":29,"date":"2022-12-04T19:43:51","date_gmt":"2022-12-04T18:43:51","guid":{"rendered":"http:\/\/fajili.aristeecampus.org\/?page_id=29"},"modified":"2023-06-20T14:39:12","modified_gmt":"2023-06-20T12:39:12","slug":"presentation-entreprise","status":"publish","type":"page","link":"https:\/\/fajili.aristeecampus.org\/index.php\/presentation-entreprise\/","title":{"rendered":"Pr\u00e9sentation entreprise"},"content":{"rendered":"<div class=\"wp-block-image\">\n<figure class=\"aligncenter size-large is-resized\"><img decoding=\"async\" loading=\"lazy\" src=\"data:image\/png;base64,iVBORw0KGgoAAAANSUhEUgAAAOEAAADhCAMAAAAJbSJIAAAAkFBMVEX\/eQD\/\/\/\/\/dAD\/uZL\/cgD\/dwD\/bwD\/cwD\/cAD\/bQD\/n2T\/wp\/\/s4n\/18H\/5tj\/0bf\/jkb\/fAr\/gh7\/lE7\/xab\/+PP\/rXz\/qHb\/8ev\/4c\/\/yar\/mFX\/38v\/\/Pn\/t43\/hSf\/jT7\/1b7\/pGz\/v5v\/7OH\/pnD\/m1r\/iTP\/hi3\/3s7\/YgD\/gBX\/izr\/rXv\/zLL\/soPFoGvMAAAJEElEQVR4nO2a55riSg6G7bJlVxEMNJgM3YAJM\/TA\/d\/dOlVwos05s88iVt+PmQZXeiuoJBnLem8x5389gv+2iBC\/iBC\/iBC\/iBC\/iBC\/iBC\/iBC\/iBC\/iBC\/iBC\/iBC\/iBC\/iBC\/iBC\/iBC\/iBC\/iBC\/iBC\/iBC\/iBC\/iBC\/iBC\/iBC\/iBC\/iBC\/iBC\/iBC\/iBC\/iBC\/iBC\/iBC\/iBC\/iBC\/iBC\/iBC\/iBC\/iBC\/iBC\/iBC\/iBC\/iBC\/iBC\/iBC\/iBC\/iBC\/iBC\/iBC\/iBC\/iBC\/iBC\/iBC\/iBC\/iBC\/iBC\/iBC\/iBC\/iBC\/iBC\/iBC\/iBC\/iBC\/iBC\/iBC\/iBC\/iBC\/iBC\/iBC\/iBC\/iBC\/iBC\/iBC\/iBC\/iBC\/iBC\/iBC\/iBC\/iBC\/iBC\/iBC\/iBCFmJsJLEj+SeS7TD58A0I2nUy63clkuXc7k+VHgsgPEydHfAdCdxCGG3sThgcxse2ua1nwZdtzkT19B0LLFeJu74VgbtcOwpiM3+zgrQhjjJ49i3dlTLi3Owy43e+\/LeF39MtjM\/v0620Jh1N7JILN78XbEq647YzsrnhjQjEIHfvznQnZ0N4Egr8d4TYjnNgrEJF9ZLzNbQHM930G8EPjwFihCMRfxPqpXlKssQxAm+pGA2w270ACOh8Cm0Zu7AWsef6onhCYx8d3p3vodSzhFnsDnomlf3ur+\/YT9DNhrWa9Xu84hko9YC5nstjnaXY8XctlZBtfX1eRPQPpcpolXGGdpr3e9DSSDTAP1H\/Mi\/9yuYSvJfTde2BLzSefntEBjBfrRIstA+97l5RY5Y+ZWA1CVS+8DYWux\/h1dZ+s7zEiiPFgk5dZXt0Sn1jtsofR8uwBrG7LRHswSpyXoe7kSzxe7jpCENuNXdBuxHSNTv7lzWOD7K+MEEQnKlazg281k9Psmz6P+QrF7l5hbi+B8awPfJL9NVETwUbrYieLD\/9JQnYtDzTWXo1DES6vciZX2XbqV6vZ07xebOxSzQWUi\/W47pvvi89CnuN0JSHv2BXtjRZaELLvmoHa9laUCXdqoRNCGM1r6838AqG9rxY5q23GZ+Vn63mRsFoi0fQBYoUQPmoHGrfilgi1YkKAsKZOoisUCGu0lvsDho1lckI2rn+8YlaTKoSifilifcMDQq4PR3+77\/xZqgVeujWEm2BtHAUraxm4YUCc7qJKCL5qdtC5fJ4m8uPGbzQ3ZUL3oFtdH3pbwzZG4gGhquhw7sc3FfekxQhFhbA\/Fh4XH6rpIyv17Qjuu2JkGJ2MUNodO7x48WUI3A0Kz1sQAqg2d+D5zOdCDy0bSJEwWDrTaXofuqNd3PMHzycTRrJIukIGYZTbd73jun62hPLzPZtLEHpjpAR6dJ\/5rgS15RpPYonQV9O4lNcMP6mhiRLh5u57ri99GhBfi5HeLKrv7yLhTd1fQi7iIB0eu+cfF9KoAVebMiVUjUwUjxrNrOkklgjVsCKhv5Nbw07XShPOobT7gavPkLiHmYYFwuC3Kq7O7i4dsCcP3kq14m8LhGrnX3S\/Xj4J\/aZFLBLCp2xxr6dE7w3HLxCO66ctds682O\/qyBUqEeoLnucOQzY68OXO0JMLVoFQbuNQgJIIKrUeEUrPw7bN8l7fHIkmvNbYr8RlPE4W5tXRllAey1\/GaqiNkGbQZInoa6z0JVf+o8GaFgndZU0venRpQKIJK22CL8bLym3TklAdw6VhFvnOINTzX6dVK0J1Miam8VVzZxfXsEzo+07dZdqS0JXH3THcTPVlQugf7AdqMjVFQnWUt2ZxfToTw99ECKK3qXT7BKH6tG0idG+PCO\/tCOW2\/1MgVFfbRzMhQFDoMFIOdltCWaFxDVX5v0E4fZYQRtq4bHb3sydUpWcJuyahNAwp4d9YQ7VLzZALLrKV5l2qjJ4dHePwH4yt\/ewuvZmWRmG7Bu4ERlXV87W0NCs52GR0tYS+I790RJ6oeJZQjX\/ddFuoTpYcqmpHqHpZmIG38iyabwshjYwKI58mVOMPjRufyUbS20LGhutHEe9jwvobXznA\/abbQgV2c1XvaULdrk5s6e\/SG1\/G5mGT\/\/IzoR6WYUy1oUnvkDpCNf4brzbV1qdR3XRVI0LFiKnXJuSnb3NPMt64Q6uE2vMOdXpN7ApIdYT6hKjzC9cnCQ1jJSMUI2uT+aXS7gyMRRSTaPgo3dYYPa2FjImkN2UHpeiphlAFPoyp67Etoe57DokpYcKIRLPoSREPla0XyeHsX5vXsTkCjmeGcy6u+prdlyJgY5eq\/NAlzRPHg9P+TVtCHUjEtvx0+fpjpjGyGN5Tl+5KJDF+7Ajn07JsNKaPshjz\/mBnZFMqWQzD0qhDF56FJ9jR9G\/aEj680TNCw\/deHy+W9b1VjnDQLj60HmWizuVMlHlb6JmIglK6tTUhQL1jqwktETQVuLRdw+Zs4rGSTTQI2bFxbO0J63KFcqfmhGA1TEKnMe9dlxGubUQl3xu8tkVdpScJLbecL77JQyNzaXCpHV2n2Qdom9U\/VXM\/Rc\/bL1UKPqWf8ASh5Q4LieXFbzO2yDoaVTdqdH7w5qL+zUw50htAzZuZUvSkE1Z2mhHlkikjlJ7fY0ILPEczOkJHT77uaFY0FfM\/D98+Nbxd41O966JD4baBs7NN5YyKDXNru56HYbRYdpKkG3wsJ4mWqQ2A0yDTQU83u+ff9czAxxfjw24R\/LrNmKvjQ6Na8hJvGWVrEC66Q9Gc0W8mTN4yusOjc3CmKxDlnCHLVUnTMC5icTd7Aq75clO+VzX3EzPetZrt+NzzslbUBVJIOiT5Lnf08XkFz2tO5\/9AaLV+y\/3XZfaobod9ZaEehkyGXuqXCpC8RfAuhiehXKzG6+5HvRIh+5od+lHyQkF+I2S82pjvbdHq6xByZdyU06mc\/sEzMW9RL0SoIwd7fV99n8dbfcWe\/7k1eCFC07ktaeD9XLtJr0SoI5SSon++R1+LMDY1tYBB5eZ9qtFXIrTYqMaB3\/7wk6Cf2nwpwuTnUsWf20Rb\/+HvgX7WixEm3p1\/SvzSKPg1OHSsssv4vF6OMHFkEr809ky5\/68OYK4XJPzLIkL8+r8gZO8tb2s5761t\/z+PK4aaQ10jyQAAAABJRU5ErkJggg==\" alt=\"\" width=\"268\" height=\"268\"\/><\/figure><\/div>\n\n\n<p><\/p>\n\n\n\n<hr class=\"wp-block-separator has-alpha-channel-opacity\"\/>\n\n\n\n<p>          <strong>Orange<\/strong>\u00a0est une soci\u00e9t\u00e9\u00a0fran\u00e7aise\u00a0de\u00a0t\u00e9l\u00e9communication. Elle comptait \u00e0 la fin de 2019 pr\u00e8s de\u00a0266 millions\u00a0de clients dans le monde, des chiffres en hausse par rapport \u00e0 ceux affich\u00e9s en 2018. En 2019, l&rsquo;entreprise est leader ou second op\u00e9rateur dans 75\u00a0% des pays europ\u00e9ens o\u00f9 elle est implant\u00e9e et dans 83\u00a0% des pays en Afrique et au Moyen-Orient.<\/p>\n\n\n\n<p>Orange \u00e9tait \u00e0 l&rsquo;origine une&nbsp;entreprise&nbsp;de&nbsp;t\u00e9l\u00e9communication britannique&nbsp;devenue, en 1999,&nbsp;puis, en 2000, celle du groupe France t\u00e9l\u00e9com, entreprise publique.&nbsp;France t\u00e9l\u00e9com employait en 2019 pr\u00e8s de 148&nbsp;000 personnes, dont 88&nbsp;000 en France. L&rsquo;ancien monopole public fran\u00e7ais&nbsp;s&rsquo;est donc internationalis\u00e9 \u00e0 la suite du rachat d&rsquo;Orange. Le nouveau groupe ainsi cr\u00e9\u00e9 est pr\u00e9sent notamment en&nbsp;Europe, en&nbsp;Afrique et dans les Antilles. \u00c0 partir du rachat d&rsquo;Orange, la plupart des marques du groupe France T\u00e9l\u00e9com sont pass\u00e9es sous la marque Orange. Depuis f\u00e9vrier 2012 et le passage sous la marque Orange des activit\u00e9s de t\u00e9l\u00e9phonie fixe, la totalit\u00e9 des offres commercialis\u00e9es par France T\u00e9l\u00e9com utilise cette marque, qui, le 1er juillet 2013, est devenue la nouvelle appellation du groupe.<\/p>\n\n\n\n<p>En 2018, Orange a r\u00e9alis\u00e9 un chiffre d&rsquo;affaires de&nbsp;41,391 milliards&nbsp;d&rsquo;euros pour l&rsquo;ensemble de ses activit\u00e9s et comptait 266 millions de clients dans le monde dont 201&nbsp;millions de clients en t\u00e9l\u00e9phonie mobile et&nbsp;18,2 millions&nbsp;de clients haut d\u00e9bit fixe.<\/p>\n\n\n\n<p>Orange \u00e9largit ses activit\u00e9s \u00e0 la vente de contenu (musique, cin\u00e9ma, t\u00e9l\u00e9chargement\u2026), au commerce \u00e9lectronique, \u00e0 la publicit\u00e9 en ligne, aux solutions&nbsp;,&nbsp;domotique et de t\u00e9l\u00e9assistance.<\/p>\n\n\n\n<p>Orange d\u00e9veloppe et commercialise cinq grandes familles de services&nbsp;:<\/p>\n\n\n\n<ul>\n<li>les services de communication r\u00e9sidentiels (SCR), c&rsquo;est-\u00e0-dire, la&nbsp;t\u00e9l\u00e9phonie fixe,&nbsp;Internet&nbsp;bas d\u00e9bit (par modem), haut d\u00e9bit (par ADSL) et tr\u00e8s haut d\u00e9bit (par la fibre optique), la&nbsp;t\u00e9l\u00e9phonie IP, la&nbsp;visiophonie, la&nbsp;t\u00e9l\u00e9vision num\u00e9rique&nbsp;(la TV d&rsquo;orange) et les contenus multim\u00e9dias&nbsp;;<\/li>\n\n\n\n<li>les services de communication personnels (SCP), c&rsquo;est-\u00e0-dire mobiles&nbsp;;<\/li>\n\n\n\n<li>les services de communication d&rsquo;entreprise (SCE) sous la marque Equant puis Orange Business Services.<\/li>\n\n\n\n<li>les services bancaires avec Orange Bank<\/li>\n\n\n\n<li>les services domotiques avec les offres Maison Prot\u00e9g\u00e9e et Maison Connect\u00e9e<\/li>\n<\/ul>\n","protected":false},"excerpt":{"rendered":"<p>Orange\u00a0est une soci\u00e9t\u00e9\u00a0fran\u00e7aise\u00a0de\u00a0t\u00e9l\u00e9communication. Elle comptait \u00e0 la fin de 2019 pr\u00e8s de\u00a0266 millions\u00a0de clients dans le monde, des chiffres en hausse par rapport \u00e0 ceux affich\u00e9s en 2018. En 2019, l&rsquo;entreprise est leader ou second op\u00e9rateur dans 75\u00a0% des pays europ\u00e9ens o\u00f9 elle est implant\u00e9e et dans 83\u00a0% des pays en Afrique et au Moyen-Orient.&hellip; <br \/> <a class=\"read-more\" href=\"https:\/\/fajili.aristeecampus.org\/index.php\/presentation-entreprise\/\">Lire la suite<\/a><\/p>\n","protected":false},"author":1,"featured_media":0,"parent":0,"menu_order":0,"comment_status":"closed","ping_status":"closed","template":"","meta":{"saved_in_kubio":false,"footnotes":""},"kubio_ai_page_context":{"short_desc":"","purpose":"general"},"_links":{"self":[{"href":"https:\/\/fajili.aristeecampus.org\/index.php\/wp-json\/wp\/v2\/pages\/29"}],"collection":[{"href":"https:\/\/fajili.aristeecampus.org\/index.php\/wp-json\/wp\/v2\/pages"}],"about":[{"href":"https:\/\/fajili.aristeecampus.org\/index.php\/wp-json\/wp\/v2\/types\/page"}],"author":[{"embeddable":true,"href":"https:\/\/fajili.aristeecampus.org\/index.php\/wp-json\/wp\/v2\/users\/1"}],"replies":[{"embeddable":true,"href":"https:\/\/fajili.aristeecampus.org\/index.php\/wp-json\/wp\/v2\/comments?post=29"}],"version-history":[{"count":9,"href":"https:\/\/fajili.aristeecampus.org\/index.php\/wp-json\/wp\/v2\/pages\/29\/revisions"}],"predecessor-version":[{"id":266,"href":"https:\/\/fajili.aristeecampus.org\/index.php\/wp-json\/wp\/v2\/pages\/29\/revisions\/266"}],"wp:attachment":[{"href":"https:\/\/fajili.aristeecampus.org\/index.php\/wp-json\/wp\/v2\/media?parent=29"}],"curies":[{"name":"wp","href":"https:\/\/api.w.org\/{rel}","templated":true}]}}