{"id":25,"date":"2022-12-04T19:42:42","date_gmt":"2022-12-04T18:42:42","guid":{"rendered":"http:\/\/fajili.aristeecampus.org\/?page_id=25"},"modified":"2023-09-12T10:11:09","modified_gmt":"2023-09-12T08:11:09","slug":"projet-equipement-visiteurs","status":"publish","type":"page","link":"https:\/\/fajili.aristeecampus.org\/index.php\/projet-equipement-visiteurs\/","title":{"rendered":"Projet \u00e9quipement-visiteurs"},"content":{"rendered":"\n<hr class=\"wp-block-separator has-alpha-channel-opacity\"\/>\n\n\n\n<p class=\"has-text-align-center\">Le projet consiste \u00e0 d\u00e9finir les caract\u00e9ristiques de l\u2019\u00e9quipement type \u00e0 fournir aux<br>visiteurs, \u00e0 d\u00e9finir des fiches de proc\u00e9dure et d\u2019intervention pour le suivi du cycle de vie<br>des \u00e9quipements.<\/p>\n\n\n\n<p class=\"has-text-align-center\">Pour ce projet nous avons du suivre un cahier des charges dont vous pouvez prendre connaissances en appuyant sur ce bouton<\/p>\n\n\n\n<div class=\"wp-block-buttons is-content-justification-center is-layout-flex wp-container-1 wp-block-buttons-is-layout-flex\">\n<div class=\"wp-block-button is-style-fill\"><a class=\"wp-block-button__link wp-element-button\" href=\"https:\/\/mail-attachment.googleusercontent.com\/attachment\/u\/0\/?ui=2&amp;ik=d9ab107c05&amp;attid=0.1&amp;permmsgid=msg-f:1755912099443458703&amp;th=185e40c05023428f&amp;view=att&amp;disp=inline&amp;saddbat=ANGjdJ8W-DGe7t8jS9xmybQ3jPkO23fAZi8QycN-IERS4eo1vkleS9jCPb1SZS-oSXQayHywoR_qHWTohbg9nRhhV6jrfNijJ6ifidxmPeMVO0PCOjO3rHr5D83urscphPbPFNka13HZPtGrWvFrXP6nLPi3wVD6fLEeOwlKtxBGhVDvynAig3ZJmqpiDltF0SCYi32W53Gil60PR1FpsfMk2_dmTT7d6mlFX8dr4MAQ9jSm0R0Yoho89yXaCFpD44LJOxrvExiH0WMtZUD2JdVwQHB-kZwuY-t09xT4eX2BD2kmgQZaN-prywRpDy2rveZ3aMzU6zOobJ9X013kwmHwuBOmJ3LHFCuHIhjeG8Pki9SPaze5OYK0xKzGsnFQFkjtHFD1f8Hou5wTP5_qINO3zO9UjXLqxybYgWQ0ptsTeUDJydY55IS4iBD-vxIGd8ygWZLkQGGsRYOJkcP_yCCz2azCblilai-9DBEcnflRZFiGrZUfxnEVkQ7OTtwxkB0kw8cGUbUPL2XPAvYyb4Dk0Ef745DfSSzeucDKP2_EROPaY4wsnsDCmAYtaBufyiXYw85i7M9Vf_4d9hf1M24nGHUpHJYFFTZU_K9y4feOkHv-i8TWbISIijVlhpcJ-l1hQN9NT1DqASUkmGP_teNr1JtOq-sZp6qWOxrqIcdRe9EbQEWMUMN0iG57gZ26UquXmN479zUrjFpVbRSJ1_koz5gcheNcm8xunpPpoYjGx_MlImAEQu3aT8oLaK7VWgvEVYOsa69cmvchJAlLZpmOtXZs4TF3dIp-oSCf-9kBeD9OMVi1rDWLctcniFJFpN1Xc62MfvNptFeoP98YNNFNgrqd6myPP3V9-2iLDgHmrMhB_Lx5aBCB4EjgdY5dQOwxsNY1VvaaHO_vgbG5wSzs0ZzSJP0l7i4I_GtEf8-XIUW516s6Banm1fOzlNw4iRAwqh9CUSAkb2wxWRbCxMR2eMAGTVEr1Fl1VtHKyagdgYWFSYt-ssMyfw4HBshxcc5oqZcxSHMck37AIE9l\" target=\"_blank\" rel=\"noreferrer noopener\"><strong>PROJET EQUIPEMENT GSB<\/strong><\/a><\/div>\n<\/div>\n\n\n\n<p class=\"has-text-align-center\">Ensuite, nous avons r\u00e9alis\u00e9 une diapo pour illustrer notre projet.<\/p>\n\n\n\n<div class=\"wp-block-buttons is-content-justification-center is-layout-flex wp-container-2 wp-block-buttons-is-layout-flex\">\n<div class=\"wp-block-button\"><a class=\"wp-block-button__link wp-element-button\" href=\"https:\/\/docs.google.com\/presentation\/d\/1EKmSxfAx0x-K6kiVcy35aBSc994fz2bBigmiuoymB5Y\/edit?usp=share_link\" target=\"_blank\" rel=\"noreferrer noopener\"><strong>ILLUSTRATION DE NOTRE PROJET<\/strong><\/a><\/div>\n\n\n\n<div class=\"wp-block-button\"><a class=\"wp-block-button__link wp-element-button\" href=\"https:\/\/docs.google.com\/document\/d\/1BWo3qTRafUAgVgqIO13E69Cvpq97A3fUe62JnAnMyZc\/edit?usp=share_link\" target=\"_blank\" rel=\"noreferrer noopener\"><strong>FINALITE DE NOTRE PROJET<\/strong><\/a><\/div>\n<\/div>\n\n\n\n<p><\/p>\n\n\n\n<hr class=\"wp-block-separator has-alpha-channel-opacity\"\/>\n","protected":false},"excerpt":{"rendered":"<p>Le projet consiste \u00e0 d\u00e9finir les caract\u00e9ristiques de l\u2019\u00e9quipement type \u00e0 fournir auxvisiteurs, \u00e0 d\u00e9finir des fiches de proc\u00e9dure et d\u2019intervention pour le suivi du cycle de viedes \u00e9quipements. Pour ce projet nous avons du suivre un cahier des charges dont vous pouvez prendre connaissances en appuyant sur ce bouton Ensuite, nous avons r\u00e9alis\u00e9 une&hellip; <br \/> <a class=\"read-more\" href=\"https:\/\/fajili.aristeecampus.org\/index.php\/projet-equipement-visiteurs\/\">Lire la suite<\/a><\/p>\n","protected":false},"author":1,"featured_media":0,"parent":0,"menu_order":0,"comment_status":"closed","ping_status":"closed","template":"","meta":{"saved_in_kubio":false,"footnotes":""},"kubio_ai_page_context":{"short_desc":"","purpose":"general"},"_links":{"self":[{"href":"https:\/\/fajili.aristeecampus.org\/index.php\/wp-json\/wp\/v2\/pages\/25"}],"collection":[{"href":"https:\/\/fajili.aristeecampus.org\/index.php\/wp-json\/wp\/v2\/pages"}],"about":[{"href":"https:\/\/fajili.aristeecampus.org\/index.php\/wp-json\/wp\/v2\/types\/page"}],"author":[{"embeddable":true,"href":"https:\/\/fajili.aristeecampus.org\/index.php\/wp-json\/wp\/v2\/users\/1"}],"replies":[{"embeddable":true,"href":"https:\/\/fajili.aristeecampus.org\/index.php\/wp-json\/wp\/v2\/comments?post=25"}],"version-history":[{"count":9,"href":"https:\/\/fajili.aristeecampus.org\/index.php\/wp-json\/wp\/v2\/pages\/25\/revisions"}],"predecessor-version":[{"id":425,"href":"https:\/\/fajili.aristeecampus.org\/index.php\/wp-json\/wp\/v2\/pages\/25\/revisions\/425"}],"wp:attachment":[{"href":"https:\/\/fajili.aristeecampus.org\/index.php\/wp-json\/wp\/v2\/media?parent=25"}],"curies":[{"name":"wp","href":"https:\/\/api.w.org\/{rel}","templated":true}]}}