{"id":23,"date":"2022-12-04T19:42:17","date_gmt":"2022-12-04T18:42:17","guid":{"rendered":"http:\/\/fajili.aristeecampus.org\/?page_id=23"},"modified":"2023-09-12T10:02:37","modified_gmt":"2023-09-12T08:02:37","slug":"presentation-gsb","status":"publish","type":"page","link":"https:\/\/fajili.aristeecampus.org\/index.php\/presentation-gsb\/","title":{"rendered":"Pr\u00e9sentation GSB"},"content":{"rendered":"\n<p><\/p>\n\n\n<div class=\"wp-block-image\">\n<figure class=\"aligncenter size-full is-resized\"><img decoding=\"async\" loading=\"lazy\" src=\"https:\/\/fajili.aristeecampus.org\/wp-content\/uploads\/2023\/06\/image-3.png\" alt=\"\" class=\"wp-image-305\" style=\"width:472px;height:316px\" width=\"472\" height=\"316\" srcset=\"https:\/\/fajili.aristeecampus.org\/wp-content\/uploads\/2023\/06\/image-3.png 318w, https:\/\/fajili.aristeecampus.org\/wp-content\/uploads\/2023\/06\/image-3-300x201.png 300w\" sizes=\"(max-width: 472px) 100vw, 472px\" \/><\/figure><\/div>\n\n\n<p><\/p>\n\n\n\n<p>GSB est une entreprise durant laquelle nous \u00e9voluons pendant ces 2 ann\u00e9es de BTS, c&rsquo;est un univers fictif ou nous mettons en place des projets au service de cette entreprise.  <\/p>\n\n\n\n<hr class=\"wp-block-separator has-alpha-channel-opacity\"\/>\n\n\n\n<p>Le laboratoire Galaxy Swiss Bourdin (GSB) est issu de la fusion entre le g\u00e9ant am\u00e9ricain Galaxy<br>(sp\u00e9cialis\u00e9 dans le secteur des maladies virales dont le SIDA et les h\u00e9patites) et le conglom\u00e9rat<br>europ\u00e9en Swiss Bourdin (travaillant sur des m\u00e9dicaments plus conventionnels), lui m\u00eame d\u00e9j\u00e0 union<br>de trois petits laboratoires .<br>En 2009, les deux g\u00e9ants pharmaceutiques ont uni leurs forces pour cr\u00e9er un leader de ce secteur<br>industriel. L&rsquo;entit\u00e9 Galaxy Swiss Bourdin Europe a \u00e9tabli son si\u00e8ge administratif \u00e0 Paris.<br>Le si\u00e8ge social de la multinationale est situ\u00e9 \u00e0 Philadelphie, Pennsylvanie, aux Etats-Unis.<\/p>\n\n\n\n<p class=\"has-text-align-center\"><mark style=\"background-color:rgba(0, 0, 0, 0)\" class=\"has-inline-color has-kubio-color-5-color\">En cliquant sur ce bouton vous pourrez acc\u00e9der \u00e0 la pr\u00e9sentation de l&rsquo;entreprise GSB.<\/mark><\/p>\n\n\n\n<div class=\"wp-block-buttons is-content-justification-center is-layout-flex wp-container-1 wp-block-buttons-is-layout-flex\">\n<div class=\"wp-block-button\"><a class=\"wp-block-button__link wp-element-button\" href=\"https:\/\/mail-attachment.googleusercontent.com\/attachment\/u\/0\/?ui=2&amp;ik=d9ab107c05&amp;attid=0.1&amp;permmsgid=msg-f:1751375587064768990&amp;th=184e22d1374969de&amp;view=att&amp;disp=inline&amp;realattid=f_lbamtgel0&amp;sadnir=1&amp;saddbat=ANGjdJ_xhuaTP4n0Tk0Vt0U-St6jMcuCjmwkUR8bUkPPDLxloVX1NRnY9d08rgAvnuqzvYF81rH1wmp1mIsGONfYEl0RdqpEE65zLFzrylRczYxuGiJAeOFwLjdhkkMoxNpTGcT4D_Jj0pkmoQpII6ZGCgS0-IvhYvSILOYcuQtLa6ESCA6h-zlBv1NkB7hUow6-tzu-ot7br7Cqu3SqQmPKbFndvIiBLJ0II775raC1AHHoTe3Z7WM-iOJgGTRv-wtq8fYagAdCWX_1rXUClx4liflo41IDuch4xAlcUWxkW7ozebk9DPPr_i9qg2OBu7xtaZDNbm7pp8S5NnbQ4zEDDC6T0sLF3bFhWtdQdOeE_rEoksd1PEJNpPb4f2nvKmCxkYZzrJ5Me0S8Pe9Egz-jjxk5vW7wqWPeEoMlD9iZSYtEvbqVH89-vnf5jdLbRQthHA9PpEU6ZNYDn9RF-cyCLZZxoiYvvlZ1EZYupnw9AARGImvFanqzQsj3K_iTpnEyOx-OmnqJ3RRFu2av1coQ9pHLgIEkEJUtxLgd5julRRPSg6Nc1ljML8a46xfwqYsx23mOUlnlod0EDjskC9GZEMuGvXxlxF9whnPxJfusD3eK3E2yjYSNJlENUL7KtQ7K3s6TgPiD4A4uwU6ZfzHldzrS4S_75KpvCxve3OzNr5xztQD0qNSJq2zZzKzQv7gJuggPeDzowI0tnv6mSBCb5BGIjZRFopKGQ8NPWhUPB6nh61FxehbIN-Spfotc2k_nk0EI3nsx1X1TuVQ4Ib5IEEqujTyXZRhZngex2tkezmFuGEes1MSJdOUQQXREB5p5aDJyPkO3lnLdPi1iSnTeRxDcCZUGaHRFKmzQzGlCmVuW82aY6mZYjPgaL2kRAMXOQp4gvv1FKMPM0Y4VWzjT_vAu9sDtpfQV7UPdAGQWmRjR5102AB9aypwDC50\" target=\"_blank\" rel=\"noreferrer noopener\">DOC Pr\u00e9sentation GSB<\/a><\/div>\n<\/div>\n","protected":false},"excerpt":{"rendered":"<p>GSB est une entreprise durant laquelle nous \u00e9voluons pendant ces 2 ann\u00e9es de BTS, c&rsquo;est un univers fictif ou nous mettons en place des projets au service de cette entreprise. Le laboratoire Galaxy Swiss Bourdin (GSB) est issu de la fusion entre le g\u00e9ant am\u00e9ricain Galaxy(sp\u00e9cialis\u00e9 dans le secteur des maladies virales dont le SIDA&hellip; <br \/> <a class=\"read-more\" href=\"https:\/\/fajili.aristeecampus.org\/index.php\/presentation-gsb\/\">Lire la suite<\/a><\/p>\n","protected":false},"author":1,"featured_media":0,"parent":0,"menu_order":0,"comment_status":"closed","ping_status":"closed","template":"","meta":{"saved_in_kubio":false,"footnotes":""},"kubio_ai_page_context":{"short_desc":"","purpose":"general"},"_links":{"self":[{"href":"https:\/\/fajili.aristeecampus.org\/index.php\/wp-json\/wp\/v2\/pages\/23"}],"collection":[{"href":"https:\/\/fajili.aristeecampus.org\/index.php\/wp-json\/wp\/v2\/pages"}],"about":[{"href":"https:\/\/fajili.aristeecampus.org\/index.php\/wp-json\/wp\/v2\/types\/page"}],"author":[{"embeddable":true,"href":"https:\/\/fajili.aristeecampus.org\/index.php\/wp-json\/wp\/v2\/users\/1"}],"replies":[{"embeddable":true,"href":"https:\/\/fajili.aristeecampus.org\/index.php\/wp-json\/wp\/v2\/comments?post=23"}],"version-history":[{"count":11,"href":"https:\/\/fajili.aristeecampus.org\/index.php\/wp-json\/wp\/v2\/pages\/23\/revisions"}],"predecessor-version":[{"id":423,"href":"https:\/\/fajili.aristeecampus.org\/index.php\/wp-json\/wp\/v2\/pages\/23\/revisions\/423"}],"wp:attachment":[{"href":"https:\/\/fajili.aristeecampus.org\/index.php\/wp-json\/wp\/v2\/media?parent=23"}],"curies":[{"name":"wp","href":"https:\/\/api.w.org\/{rel}","templated":true}]}}